{"id":290,"date":"2019-04-27T00:04:09","date_gmt":"2019-04-27T03:04:09","guid":{"rendered":"http:\/\/dragustinibanez.com\/?page_id=290"},"modified":"2026-02-11T16:38:37","modified_gmt":"2026-02-11T19:38:37","slug":"conferencias","status":"publish","type":"page","link":"https:\/\/dragustinibanez.com\/index.php\/conferencias\/","title":{"rendered":"conferencias"},"content":{"rendered":"<div id=\"pl-290\"  class=\"panel-layout\" ><div id=\"pg-290-0\"  class=\"panel-grid panel-has-style\" ><div class=\"siteorigin-panels-stretch panel-row-style panel-row-style-for-290-0\" style=\"padding-top: 100px; padding-bottom: 100px; \" data-stretch-type=\"full-stretched\" data-mobile-padding=\"50px\" data-overlay-color=\"#000000\" ><div id=\"pgc-290-0-0\"  class=\"panel-grid-cell panel-grid-cell-empty\" ><\/div><div id=\"pgc-290-0-1\"  class=\"panel-grid-cell panel-grid-cell-mobile-last\" ><div id=\"panel-290-0-1-0\" class=\"so-panel widget widget_sow-editor panel-first-child panel-last-child\" data-index=\"0\" ><div style=\"text-align: left;\" data-title-color=\"#ffffff\" data-headings-color=\"#ffffff\" class=\"panel-widget-style panel-widget-style-for-290-0-1-0\" ><div class=\"so-widget-sow-editor so-widget-sow-editor-base\"><h3 class=\"widget-title\">conferencias (seleccionadas)<\/h3>\n<div class=\"siteorigin-widget-tinymce textwidget\">\n\t<ul>\n<li>Enero 2026: Foro Mundial sobre la Salud Cerebral 2026: Enfoques globales, multilaterales y multiactores para la salud cerebral.<\/li>\n<li>Diciembre 2025: Conferencia Nature: Hacia un envejecimiento cerebral saludable: tendiendo puentes entre la biolog\u00eda, el estilo de vida y la terap\u00e9utica: neurosindemias del exposoma y salud integral en la salud cerebral de precisi\u00f3n.<\/li>\n<li>Noviembre 2025: IA para la salud y la asistencia sanitaria en Europa, Reuni\u00f3n Organizaci\u00f3n Mundial de la Salud para Europa: IA responsable para la dignidad y la salud a lo largo de toda la vida.<\/li>\n<li>Noviembre 2025: Foro de la Semana de la Ciencia de Berl\u00edn, Escenas desiguales: comunicaci\u00f3n de la fotograf\u00eda a\u00e9rea y la neurociencia.<\/li>\n<li>Octubre 2025: 38\u00ba Congreso ECNP, Sesi\u00f3n sobre diversidad e inclusi\u00f3n de la red ALBA: Creaci\u00f3n de un enfoque global e inclusivo para la investigaci\u00f3n en salud mental.<\/li>\n<li>Septiembre 2025: Santiago Exposome Symposium 2025: Integraci\u00f3n de las exposiciones ambientales en la investigaci\u00f3n sobre la enfermedad de Alzheimer y otras demencias relacionadas.<\/li>\n<li>Septiembre 2025: Charla sobre envejecimiento y demencias, Maestr\u00eda en Neurociencia Social de la Universidad Icesi.<\/li>\n<li>\u00a0Septiembre 2025: Novo Nordisk Regi\u00f3n LATAM: Dia de Alzheimer\u2019s - Perspectivas globales y latinoamericanas sobre la enfermedad de Alzheimer\u2019s.<\/li>\n<li>Septiembre 2025: Universidad Austral: Curso Actualizaciones en Neurociencia Aplicada y Pr\u00e1ctica Cl\u00ednica para el Sur Global: Masterclass Tendencias en salud cerebral, salud integral y exposoma para el Sur Global.<\/li>\n<li>Septiembre 2025: African Populations Cohorts Consortium (APCC) Reuni\u00f3n Comit\u00e9 Directivo, ReDLat (Consorcio Latinoamericano de Demencia) y Colaboraci\u00f3n Global Sur\/ReDLat Exposome<\/li>\n<li>Julio 2025: AAIC 2025 Toronto: Perspectivas globales sobre la ciencia de la implementaci\u00f3n en la investigaci\u00f3n sobre la demencia: exploraci\u00f3n de diversos enfoques y retos en diferentes sistemas sanitarios y entornos pol\u00edticos.<\/li>\n<li>Julio 2025: Congreso Nacional de Psicolog\u00eda Cl\u00ednica Vi\u00f1a del Mar, Chile: Un cerebro de carb\u00f3n y la salud cerebral de precisi\u00f3n.<\/li>\n<li>Julio 2025: Protagonistas 2030 Summit - El Mercurio: Cuidar el cerebro y el planeta para un bienestar sostenible.<\/li>\n<li>Julio 2025: Doctorado en Neurociencia Social y Cognici\u00f3n - Universidad Adolfo Iba\u00f1ez: Workshop en escritura cient\u00edfica: Art\u00edculos, revisiones, metaan\u00e1lisis y grants.<\/li>\n<li>Junio 2025: Creative Brain Week: La neurociencia de la activaci\u00f3n de la bondad.<\/li>\n<li>Junio 2025: Conferencia Nacional Alzheimer Romania 2025: La salud cerebral entre la patolog\u00eda y el potencial: Una perspectiva multidimensional.<\/li>\n<li>Mayo 2025: Primer Simposio Internacional Trastornos Cognitivos y del Comportamiento en la persona joven, Costa Rica: La importancia de la investigaci\u00f3n y la creaci\u00f3n de redes de cooperaci\u00f3n.<\/li>\n<li>Mayo 2025: AAIC Satellite Symposium Peru: Caracterizaci\u00f3n de enfermedades y herramientas de diagn\u00f3stico \u2013 Investigaci\u00f3n.<\/li>\n<li>Abril 2025: ISTAART Neuroscience Mentoring Club Webinar, Navegar por la adversidad: Una b\u00fasqueda personal de la diversidad y la salud cerebral de precisi\u00f3n.<\/li>\n<li>Abril 2025: Congreso Colombiano de Salud Cerebral, Integraci\u00f3n de la salud de todo el cuerpo y el exposoma para modelos de salud cerebral global de precisi\u00f3n.<\/li>\n<li>Febrero 2025: AAIC Neuroscience Next Chile, Anfitri\u00f3n Evento.<\/li>\n<li>Febrero 2025: Creative Brain Week San Juan Argentina: Conferencia Internacional sobre Salud Cerebral y M\u00fasica, PILOT Project.<\/li>\n<li>Diciembre 2024: Charla Seminario Cient\u00edfico BBRC, Salud cerebral de precisi\u00f3n: De la diversidad de datos a las arquitecturas computacionales a medida.<\/li>\n<li>Diciembre 2024: Charla Karolinska Institutet Seminar, Cognitive Neuroscience Club, Diversidad multimodal, exposoma y modelos computacionales de precisi\u00f3n de la salud cerebral.<\/li>\n<li>Octubre 2024: Charla Congreso SAN 2024, Un cerebro hecho de carb\u00f3n ardiente: investigaci\u00f3n en salud cerebral y neurociencia multimodal.<\/li>\n<li>Octubre 2024: ICARE Chile, Capital cerebral y productividad: Claves para potenciar el desempe\u00f1o organizacional.<\/li>\n<li>Septiembre 2024: Charla MGH Ciclo de Conferencias sobre Neurolog\u00eda del comportamiento y Neuropsiquiatr\u00eda, Salud cerebral de precisi\u00f3n y diversidad multimodal.<\/li>\n<li>Septiembre 2024: Charla Instituto de Neurociencias Trinity College (TCIN): Abordar la diversidad multimodal y los Modelos computacionales para la salud cerebral.<\/li>\n<li>Septiembre 2024: Cumbre de la Ciencia en la 79\u00aa Asamblea General de las Naciones Unidas: Presentaci\u00f3n del Proyecto Democracia y Salud Cerebral.<\/li>\n<li>Septiembre 2024: Global Brain Consortium (GBC) Annual Assembly China, Investigaci\u00f3n global sobre salud cerebral y diversidad multimodal.<\/li>\n<li>Julio 2024: AAIC 2024 Philadelphia: Charla Mapeo de la progresi\u00f3n neurobiol\u00f3gica mediante subtipos de im\u00e1genes.<\/li>\n<li>Junio 2024: FENS Forum 2024 Vienna: Conferencia Premio ALBA-Elsevier: Investigaci\u00f3n en salud cerebral y diversidad multimodal.<\/li>\n<li>Junio 2024: Caf\u00e9 de la Memoria, Charla sobre Salud Cerebral en Centro de Mayores de Salobre\u00f1a.<\/li>\n<li>Mayo 2024: AAIC Satellite Symposium Cape Town: Desarrollando la colaboraci\u00f3n en la investigaci\u00f3n sobre el envejecimiento cerebral saludable y la demencia en \u00c1frica.<\/li>\n<li>Abril 2024: LAC-CD - ISTAART Alzheimer's Association webinar: Descifrando la demencia en Am\u00e9rica Latina con biomarcadores ATN.<\/li>\n<li>Abril 2024: AAIC Neuroscience Next: C\u00f3mo redactar con \u00e9xito una solicitud de subvenci\u00f3n para cient\u00edficos que inician su carrera.<\/li>\n<li>Marzo 2024: TAU 2024 Global Conference: Perspectivas globales de las Tauopathies.<\/li>\n<li>Marzo 2024: Creative Brain Week Satellite El Cairo: El impacto de los conflictos y las crisis en la salud mental.<\/li>\n<li>Marzo 2024: Brain Week: My Brain Robbie \u2013 Reflexion sobre la Conexion.<\/li>\n<li>Febrero 2024: Charla In Focus - Scientific Gatherings with a purpose, Istanbul: \u00bfQu\u00e9 nos dice el EEG sobre las enfermedades de Alzheimer, Parkinson, cuerpos de Lewy y frontotemporales?<\/li>\n<li>Febrero 2024:\u00a0Charla Demencia en el Palacio Barolo.<\/li>\n<li>Enero 2024: Charla National Academies Sciences, Engineering & Medicine, Taller Prioridades de investigaci\u00f3n para prevenir y tratar la enfermedad de Alzheimer y otras demencias afines.<\/li>\n<li>Diciembre 2023:\u00a0Charla Max Planck Institute for Empirical Aesthetics Frankfurt, Investigaci\u00f3n sobre salud cerebral y diversidad.<\/li>\n<li>Noviembre 2023: Charla Public Health Grand Rounds Universidad de California San Diego: Interocepci\u00f3n alost\u00e1tica en la demencia frontotemporal y trastornos relacionados<\/li>\n<li>Noviembre 2023: Charla 2\u00ba Congreso Chileno de la Sociedad Chilena de Medicina del Estilo de Vida: Salud Cerebral y Futuro<\/li>\n<li>Noviembre 2023: Charla BAI - Broadcasting Authority of Ireland, Creative Brainwaves: Las artes creativas mejoran la salud cerebral<\/li>\n<li>Octubre 2023: Charla & Presentaci\u00f3n de los proyectos de seguimiento de los Cursos Latinoamericanos de Salud Cerebral, Universidad Adolfo Iba\u00f1ez<\/li>\n<li>Octubre 2023: 26th World Congress of Neurology (WCN 2023) Montreal: Biomarcadores multimodales en la demencia frontotemporal<\/li>\n<li>Octubre 2023: Charla Universidad de California San Diego: Investigaci\u00f3n sobre salud cerebral y diversidad<\/li>\n<li>Octubre 2023: Charla Centro Cultural de la Ciencia - Reimaginando el Futuro: Inteligencia artificial, ciencia y sociedad<\/li>\n<li>Octubre 2023: Charla Instituto do C\u00e9rebro do Rio Grande do Sul: Salud cerebral global y diversidad<\/li>\n<li>Octubre 2023: Charla Congresso Brasileiro de Fonoaudiolog\u00eda CBFa \u2013 Inicitativas en salud cerebral global<\/li>\n<li>Septiembre 2023: ESLP 2023 Embodied and Situated Language Processing Conference: Un marco de codificaci\u00f3n espacio temporal de la sobrecarga alost\u00e1tica-interoceptiva en las enfermedades neurodegenerativas<\/li>\n<li>Septiembre 2023: Charla International Convening Alexandra & Cairo - Global South Arts & Health Week (GSAHW): Solidaridad por la salud cerebral en el Sur Global<\/li>\n<li>Septiembre 2023: LAC-CD - ISTAART Alzheimer's Association webinar: Co-producing and co-designing research: the case of dementia<\/li>\n<li>Agosto 2023: Charla Escuela de Psicolog\u00eda - Universidad Adolfo Iba\u00f1ez: En un mundo sin l\u00edmites: \u00bfC\u00f3mo la Inteligencia Artificial impacta mi futuro?<\/li>\n<li>Agosto 2023: Charla Universidad Adolfo Iba\u00f1ez y Fundaci\u00f3n Soy Mas \u00bfEl cerebro tiene g\u00e9nero? Talento femenino: oportunidades y desaf\u00edos.<\/li>\n<li>Julio 2023: Charla Universidad de California - San Francisco, Professor Rounds sessions: Puentes sobre la salud cerebral en US.<\/li>\n<li>Julio 2023: AAIC 2023 Amsterdam: Cambios electrofisiol\u00f3gicos durante la progresi\u00f3n del Alzheimer y la demencia.<\/li>\n<li>Julio 2023:\u00a0LAC-CD - ISTAART Alzheimer's Association Webinar: Cerebro y bancos de tejidos para la demencia.<\/li>\n<li>Junio 2023: Charla Facultad de Filosof\u00eda y Humanidades de la UCCuyo: Desaf\u00edos de la regi\u00f3n: hacia una construcci\u00f3n multidimensional de la Salud Cerebral Latinoamericana.<\/li>\n<li>Junio 2023: Conferencia Oregon Health & Science University (OHSU), Series de Profesores Visitantes, Rondas virtuales de Neurolog\u00eda: Puentes de Salud Cerebral en Estados Unidos y Latinoam\u00e9rica: De los enfoques computacionales a la diplomacia de la salud cerebral.<\/li>\n<li>Mayo 2023: AAIC Satellite Symposium Mexico: Harmonization and Translation: Data Sharing and Guidelines for Research and Practice.<\/li>\n<li>Mayo 2023: Charla UCL & NYU Series Seminario: Creative and arts intervention network Latin America: A regional hub to connect arts & brain health.<\/li>\n<li>Mayo 2023: Curso Interoception and Brain Disorders: A predictive coding framework of allostatic-interoceptive overload in neurodegenerative diseases.<\/li>\n<li>Mayo 2023: Walking the Talk for Dementia: Empowering collaboration to thrive.<\/li>\n<li>Abril 2023: Charla Universidad ICESI: Empat\u00eda: aproximaciones desde la Filosof\u00eda, Psicolog\u00eda y Neurociencias.<\/li>\n<li>Marzo 2023: Creative Brain Week: The Impact of Conflict.<\/li>\n<li>Febrero 2023: Barcelona Health Innovation Week: Mind-body Approaches to Boosting Brain Capital Conference.<\/li>\n<li>Enero 2023: USS Cognitive Neuroscience Seminar: Allostatic Interoception in Neurodegenerative Diseases.<\/li>\n<li>Enero 2023: Institute of Advanced Studies University of Bologna: The mind\u2019s golden cage and the cognition in the wild.<\/li>\n<li>Enero 2023: Center for Brain & Cognition Seminar Universitat Pompeu Fabra Barcelona: Can domesticated cognition survive in the wild?<\/li>\n<li>Enero 2023: University of California San Diego Neurodegeneration Seminar Series, Brain Health bridges across the US and the Latin America: From multicentric research to computational approaches to brain health diplomacy.<\/li>\n<li>Diciembre 2022: ISTAART Health Policy Electrophysiology PIA Webinar: Global Brain Health Partnerships: Building Brain Capital through Diplomacy and Action.<\/li>\n<li>Diciembre 2022:\u00a0 Dementia and Brain Aging in Low- and Middle-Income Countries Conference, Nairobi, Kenya.<\/li>\n<li>Noviembre 2022: Medicina 2022 Webinars: Progress in Alzheimer's Disease.<\/li>\n<li>Noviembre 2022:LAC-CD - ISTAART Alzheimer's Association Webinar: Actualizaci\u00f3n Regional sobre las demencias en Latinoamerica.<\/li>\n<li>Noviembre 2022: Modes 2022 Conference: Brain health and multiscale brain dynamics, Vi\u00f1a del Mar, Chile.<\/li>\n<li>Noviembre 2022: ISFTD 2022 Congress: Neurocognitive Allostatic Interoception in Neurodegenerative Diseases, Paris & Lille.<\/li>\n<li>Octubre 2022: Seminario Instituto de Neurociencia Biom\u00e9dica BNI: \"Neuroim\u00e1genes, Neurociencias y Neurodegeneraci\u00f3n\", Virtual, Chile.<\/li>\n<li>Octubre 2022: Seminario Centro Interdisciplinario de Neurociencias de Valpara\u00edso (CINV): Brain health in Latin America: From biomarkers to computational approaches to implementation science.<\/li>\n<li>Septiembre 2022: LAC-CD - ISTAART Alzheimer's Association Webinar: Digital Health & Care for Dementia, Virtual.<\/li>\n<li>Septiembre 2022: XXIII Congreso Argentino de Bioingenier\u00eda y las XII Jornadas de Ingenier\u00eda Cl\u00ednica SABI2022, Argentina.<\/li>\n<li>Agosto 2022: Simposio Behavioral and Brain Sciences: A Call to Action. Brain Capital & Public Policy, Buenos Aires, Argentina.<\/li>\n<li>Agosto 2022: Seminario virtual: Advances to Promote Peace & Prosociability in Colombia.<\/li>\n<li>Agosto 2022: LAC-CD Annual Meeting, AAIC 2022, San Diego USA.<\/li>\n<li>Julio 2022: AAIC 2022 Session: EEG research in low and middle-income countries, San Diego USA.<\/li>\n<li>Julio 2022: AAIC 2022 Session: Biomarker Discovery in Global and Diverse Landscapes, San Diego USA.<\/li>\n<li>Julio 2022: AAIC 2022 Session: Biomarkers (non-neuroimaging): Intersection of AD biomarkers and comorbidities for predicting cognitive decline and dementia, San Diego USA.<\/li>\n<li>Julio 2022: PIA Scientific Session, AAIC 2022, Computational neuroscience and multimodal (EEG-imaging) markers of dementia, San Diego USA.<\/li>\n<li>Julio 2022: ESCAN 2022, Social Cognition, Predictors of radical ideologies of violence, Criminal judges' bias in moral punishment, and Prosociality during pandemic, Viena.<\/li>\n<li>Julio 2022: The NINDS Nonfrofit Forum - NIH: Success Stories<\/li>\n<li>Julio 2022: Brainlat LAC CD ISTAART Webinar: Global Strategies for Brain Health and Dementia Prevention<\/li>\n<li>Junio 2022: 35th Global Conference of Alzheimer's Disease International ADI, Londres.<\/li>\n<li>Mayo 2022: Cursos Medscape: El deterioro cognitivo leve y el fino arte de distinguir la causa.<\/li>\n<li>Mayo 2022: Evento virtual de Divulgaci\u00f3n sobre Patolog\u00edas Neurodegenerativas y Neuropsiqui\u00e1tricas en el Valle del Cauca.<\/li>\n<li>Abril 2022: Charla Dia Mundial de la Salud, IST Instituto de Seguridad del Trabajo, Chile.<\/li>\n<li>Marzo 2022: Charla Ateneo Javeriano Doctorado en Neurociencias, Bogot\u00e1.<\/li>\n<li>Marzo 2022: Creative Brain Week: Creativity with Neuroscience.<\/li>\n<li>Enero 2022: Year in Review ISTAART Webinar update of Electrophysiology PIA.<\/li>\n<li>Diciembre 2021: Scientific Writing Workshop Virtual meeting, BrainLat GBHI LAC CD ReDlat.<\/li>\n<li>Diciembre 2021: Programa The UNITED consortium - South America, Introducci\u00f3n.<\/li>\n<li>Diciembre 2021: 16\u00b0 Congreso Internacional de Geriatr\u00eda: Neurolog\u00eda de la persona mayor y Deterioro Cognitivo.<\/li>\n<li>Diciembre 2021: Programa Behavioral Design, Universidad de San Andr\u00e9s.<\/li>\n<li>Diciembre 2021: Brainlat LAC CD ISTAART Webinar: Capacity Building for Dementia Diagnosis & Support.<\/li>\n<li>Noviembre 2021: Global Brain Consortium (GBC) 2021 Annual Meeting.<\/li>\n<li>Noviembre 2021: Virtual Meeting Updates on Research and Clinical Networking in Latin America, BrainLat UAI\/GBHI.<\/li>\n<li>Octubre 2021: Brainlat LAC CD ISTAART Simposio: EEG Biomarkers of Brain Health and Dementia.<\/li>\n<li>Octubre 2021: Charla D\u00eda Internacional de la Salud Mental, Universidad Adolfo Iba\u00f1ez.<\/li>\n<li>Octubre 2021: TILDA Seminar Series: Exploring TILDA - BrainLat synergies: Allostatic interoception, multi-feature machine learning, and computational whole-brain modelling.<\/li>\n<li>Octubre 2021: Webinar How can your local neuroimaging data have global impact? The United Consortium.<\/li>\n<li>Septiembre 2021: A Latin American fight to Dementia: From Networking to Research to Implementetion Science, NM Alzheimer\u2019s Disease Research Center (ADRC) Seminar.<\/li>\n<li>Septiembre 2021: Embodied and Situated Language Processing Conference 2021 Virtual Edition.<\/li>\n<li>Septiembre 2021: Programa Behavioral Design, Universidad de San Andr\u00e9s.<\/li>\n<li>Septiembre 2021: Conferencia virtual, Los secretos del cerebro se esconden en el coraz\u00f3n, Encuentros El Mercurio.<\/li>\n<li>Septiembre 2021: LAC-CD Alzheimer\u2019s Association Webinar, Biomarker Frameworks for Dementia.<\/li>\n<li>Agosto 2021: Congress on Brain, Behavior & Emotions, The mind in the wild: intercognition, global dynamics & cognitive neuroscience.<\/li>\n<li>Julio 2021: Curso de Postgrado Latinoamericano: Diplomacia Cient\u00edfica aplicada a las Neurociencias, Unesco.<\/li>\n<li>Junio 2021: Charla FEUAI: \u00bfConversemos sobre salud cerebral?<\/li>\n<li>Mayo 2021: Charla Can Dementia Researchers Capitalize from Population Health Research Partners?<\/li>\n<li>Mayo 2021: Charla Interoception Primes Emotional Processing: Multimodal Evidence from Neurodegeneration.<\/li>\n<li>Mayo 2021: LAC-CD Alzheimer\u2019s Association Webinar, Technology and Dementia.<\/li>\n<li>Mayo 2021: SANS, Global Perspectives on Social and Affective Neuroscience.<\/li>\n<li>Abril 2021: Conferencia, Salud Cerebral: Rol Clave en el envejecimiento, la salud mental y la econom\u00eda de la postpandemia.<\/li>\n<li>Marzo 2021: LAC-CD Alzheimer\u2019s Association Webinar, Multidisciplinary approaches to risk prevention.<\/li>\n<li>Marzo 2021: Webinar ISTAART, EEG y RM estructural y funcional.<\/li>\n<li>Marzo 2021: International Conference on Frontotemporal Dementias and 1st International Society for Frontotemporal Dementias Congress.<\/li>\n<li>Febrero 2021: CE Workshop, Social Cognitive and Affective Neuroscience: From the Clinic and into the Wild.<\/li>\n<li>Enero 2021: Charla Congreso Futuro, Ciberciudadania y los pro y contras del uso futuro de las las tecnolog\u00edas cognitivas.<\/li>\n<li>Enero 2021: Charla Congreso Futuro, El futuro de la ciberciudadan\u00eda, neurociencia y las ciencias del comportamiento en la predicci\u00f3n y comprensi\u00f3n de la violencia<\/li>\n<li>Dic 2020: Charla en\u00a0INS Annual Meeting, Social neuroscience and cognition in the wild<\/li>\n<li>Dic 2020: XXII Congreso Argentino De Neuropsiquiatria Y Neurociencia Cognitiva 2020. Asociaci\u00f3n Neuropsiquiatrica Argentina.\u00a0 <a href=\"https:\/\/neuropsiquiatria.org.ar\/congreso-2020\/\">Multi-Partner Consortium to Expand Dementia Research in Latin America (ReDLat<\/a>) Virtual<\/li>\n<li>Nov- 2020 1\u00b0 Congreso Digital INCMNSZ Geriatr\u00eda y COVID-19.<strong> \u201c<\/strong><a href=\"https:\/\/www.geriatriaycovid19.mx\/\">Llamada a una acci\u00f3n coordinada para enfrentar el impacto de la pandemia en las personas con demencia en Am\u00e9rica Latina<\/a>\u201d Virtual.<\/li>\n<li>Nov- 2020 Seminario <a href=\"https:\/\/www.ucm-talento.cl\/\">Liderando el Talento 2020<\/a>. Universidad de Maule Chile<\/li>\n<li>Nov-2020. XVI Annual Meeting de la Sociedad Chilen a de Neurociancias. Simposio sobre investigaci\u00f3n de demencia en Latinoam\u00e9rica<a href=\"https:\/\/socneurociencia.cl\/congreso-2020\/\">. Neurocience Networking & Multicentric Approaches to dementia research in Latin America.<\/a><\/li>\n<li>Nov- 2020 Congreso Internacional Virtual de Neurociencias: <a href=\"http:\/\/www.civn2020.com\/index_en.php\">Cerebro y comportamiento en tiempos de COVID-19<\/a>.\u00a0 Virtual. CIVN President<\/li>\n<li>XII Jornada Internacional aprendizaje, educaci\u00f3n y neurociencias en Santiago de Chile Dic 2019<\/li>\n<li>ACNP. 58<sup>th<\/sup> Annual Meeting of the American College Neuropsychopharmacology. Orlando USA. Dic. 2019<\/li>\n<li>Educando al Cerebro. El futuro de la mente en la revolucion tecno-cultural . Buenos Aires Nov 2019<\/li>\n<li>From the Social Lab to the cognition in the wild. The Legacy of John Cacciopo. 10th Anniversary of the Society for Social Neuroscience (@S4SNeuro) in Chicago. October 2019<\/li>\n<li>Atlantic Senior Fellows Convening in Jordan. Amman Jordan October 2019<\/li>\n<li>Violence, From cognitive Neurocience to future reintegration frameworks. Congreso Iberoamericano de Neuropsicolog\u00eda, ICESI_Social Neurocsci, el LENT-UniValle y Fundaci\u00f3n Valle del Lili<\/li>\n<li>Hazelton, J. L.,\u00a0Hudson, A. L.,\u00a0Ibanez, A., Piguet O.\u00a0& Kumfor, F.\u00a0\u00a0(2019, October).\u00a0<em>Detecting the heart: An investigation of interoceptive accuracy in behavioural-variant frontotemporal dementia<\/em>. Poster presentation at the 11<sup>th<\/sup>\u00a0Forefront Scientific Meeting.<\/li>\n<li>Hazelton, J. L.,\u00a0Hudson, A. L.,\u00a0Ibanez, A., Piguet O.\u00a0& Kumfor, F.\u00a0(2019, June).\u00a0<em>Sensing the heart: Cardiac interoceptive accuracy in behavioural-variant frontotemporal dementia.<\/em>\u00a0Poster Presentation at the 6<sup>th<\/sup>\u00a0Annual Meeting for\u00a0the Australasian Society for Social and Affective Neuroscience (AS4SAN).<\/li>\n<li>''Terra Ignota: A Neuroscientific View of the Techno-Cultural Revolution'' Trinity College. Dublin Irlanda. Julio-2019<\/li>\n<li>\"Schadenfreude, Counter-Empathy and Moral Cognition\" LAM Center for Advanced Studies. Munich Julio-2019<\/li>\n<li>Towards neurocognitive markers of neurodegenerative cognitions: from brain atrophy networks to machine learning. Hertie-Institut f\u00fcr klinische Hirnforschung.T\u00fcbingen, Alemania. Julio-2019<\/li>\n<li>Global Health Conference. Mayo 7 a 9 2019\u00a0 Miami Florida.\u00a0<a href=\"https:\/\/ghc.fiu.edu\/\">Info<\/a><\/li>\n<li>Caf\u00e9 Cientifico presentando el libro de la periodista Cientifica Nora Bar en el Caf\u00e9 Tortoni. Marzo 2019<\/li>\n<li>Solos e hiperconectados, \u00a0la paradoja de nuestro tiempo. \u00a0Congreso Futuro Chile Ene 2018. +<a href=\"https:\/\/www.congresofuturo.cl\/sites\/default\/files\/noticia-galeria\/programa.png\">Info<\/a><\/li>\n<li>Proporciones de la vida. \u00a0Charlas del futuro. Charla \u2013 Debate. \u00a0Providencia Chile. Nov 2018.<\/li>\n<li>IV congreso nacional e internacional de neurociencias y neuropsicolog\u00eda. Colombia Ago 2018.+ <a href=\"https:\/\/dneuropsy.wixsite.com\/congresoneuro\">Info<\/a><\/li>\n<li>Neurociencias de la toma de decisiones. IV Jornadas de Ciencias Econ\u00f3micas en la Sede San Luis. +<a href=\"http:\/\/uccuyosl.edu.ar\/index.php\/la-universidad\/noticias\/388-iv-jornadas-de-ciencias-econ%C3%B3micas-en-la-sede-san-luis\">Info<\/a><\/li>\n<li>IV Congreso Nacional E Internacional De Neurociencias Y Neuropsicolog\u00eda. Colombia Ago 2018<a href=\"https:\/\/dneuropsy.wixsite.com\/congresoneuro\">. +Info<\/a><\/li>\n<li>Towards neurocognitive markers of neurodegenerative conditions: From brain atrophy networks to machine learning. Seminario IMAL Jul 2018. + <a href=\"http:\/\/www.imal.santafe-conicet.gov.ar\/index.php?ver=seminario\">Info<\/a><\/li>\n<li>Novel Markers of Cognitive Decline. 2nd Pan American Parkinson\u2019s Disease and Movement Disorders Congress. Jun 2018.<\/li>\n<li>Que son las neurociencias. \u00a0UCSF. Conferencia Jul 2018.<\/li>\n<li>The mind in the wild: Intercognition as the next frontier for social neuroscience. XI Congreso Nacional y XII Seminario Internacional de Neurociencias. Abr 2018.<\/li>\n<li>Alzheimer\u2019s Society South American Consortium. Conference. \u00a0Apr 2018.<\/li>\n<li>Towards neurocognitive markers of neurodegenerative conditions: From brain atrophy networks to machine learning. Gerotalks Universidad de Chile. Dec.2017.<\/li>\n<li>X Jornada Internacional: Neurociencia Social \u00bfUna Red Entre Ciencia Y Cultura? Chile Octubre 2017 . +<a href=\"http:\/\/www.educacionyneurociencias.cl\/2017\/10\/x-jornada-internacional-neurociencia-social-una-red-entre-ciencia-y-cultura-por-agustin-ibanez\/\">Info<\/a><\/li>\n<\/ul>\n<\/div>\n<\/div><\/div><\/div><\/div><div id=\"pgc-290-0-2\"  class=\"panel-grid-cell panel-grid-cell-empty\" ><div class=\"panel-cell-style panel-cell-style-for-290-0-2\" ><\/div><\/div><\/div><\/div><\/div>","protected":false},"excerpt":{"rendered":"<p>Enero 2026: Foro Mundial sobre la Salud Cerebral 2026: Enfoques globales, multilaterales y multiactores para la salud cerebral. Diciembre 2025:&nbsp;[&hellip;]<\/p>\n","protected":false},"author":1,"featured_media":0,"parent":0,"menu_order":0,"comment_status":"closed","ping_status":"closed","template":"page-templates\/template_page-builder.php","meta":[],"_links":{"self":[{"href":"https:\/\/dragustinibanez.com\/index.php\/wp-json\/wp\/v2\/pages\/290"}],"collection":[{"href":"https:\/\/dragustinibanez.com\/index.php\/wp-json\/wp\/v2\/pages"}],"about":[{"href":"https:\/\/dragustinibanez.com\/index.php\/wp-json\/wp\/v2\/types\/page"}],"author":[{"embeddable":true,"href":"https:\/\/dragustinibanez.com\/index.php\/wp-json\/wp\/v2\/users\/1"}],"replies":[{"embeddable":true,"href":"https:\/\/dragustinibanez.com\/index.php\/wp-json\/wp\/v2\/comments?post=290"}],"version-history":[{"count":69,"href":"https:\/\/dragustinibanez.com\/index.php\/wp-json\/wp\/v2\/pages\/290\/revisions"}],"predecessor-version":[{"id":1733,"href":"https:\/\/dragustinibanez.com\/index.php\/wp-json\/wp\/v2\/pages\/290\/revisions\/1733"}],"wp:attachment":[{"href":"https:\/\/dragustinibanez.com\/index.php\/wp-json\/wp\/v2\/media?parent=290"}],"curies":[{"name":"wp","href":"https:\/\/api.w.org\/{rel}","templated":true}]}}