{"id":294,"date":"2019-04-27T00:12:11","date_gmt":"2019-04-27T03:12:11","guid":{"rendered":"http:\/\/dragustinibanez.com\/?page_id=294"},"modified":"2023-04-12T15:46:45","modified_gmt":"2023-04-12T18:46:45","slug":"capitulos","status":"publish","type":"page","link":"https:\/\/dragustinibanez.com\/en\/index.php\/capitulos\/","title":{"rendered":"Book Chapters"},"content":{"rendered":"<div id=\"pl-294\"  class=\"panel-layout\" ><div id=\"pg-294-0\"  class=\"panel-grid panel-has-style\" ><div class=\"siteorigin-panels-stretch panel-row-style panel-row-style-for-294-0\" style=\"padding-top: 100px; padding-bottom: 100px; \" data-stretch-type=\"full-stretched\" data-mobile-padding=\"50px\" data-overlay-color=\"#000000\" ><div id=\"pgc-294-0-0\"  class=\"panel-grid-cell panel-grid-cell-empty\" ><\/div><div id=\"pgc-294-0-1\"  class=\"panel-grid-cell panel-grid-cell-mobile-last\" ><div id=\"panel-294-0-1-0\" class=\"so-panel widget widget_sow-editor panel-first-child panel-last-child\" data-index=\"0\" ><div style=\"text-align: left;\" data-title-color=\"#ffffff\" data-headings-color=\"#ffffff\" class=\"panel-widget-style panel-widget-style-for-294-0-1-0\" ><div class=\"so-widget-sow-editor so-widget-sow-editor-base\"><h3 class=\"widget-title\">Chapters<\/h3>\n<div class=\"siteorigin-widget-tinymce textwidget\">\n\t<ul>\n<li>Sainz-Ballesteros AS, Perez J, Moguilner S, Ibanez A, Prado, P.\u00a0<a href=\"https:\/\/osf.io\/h2wgv\/\">A pipeline for large-scale assessments of dementia EEG connectivity across multicentric settings<\/a>. In H Lema\u00eetre and R Whelan (Eds.)\u00a0<a href=\"https:\/\/osf.io\/d9r3x\/\">Methods for analyzing large neuroimaging datasets<\/a>. Neuromethods series. NY: Springer Nature. Accepted,<\/li>\n<li>Moguilner A, Ibanez A.\u00a0<a href=\"https:\/\/osf.io\/f4zhn\">Deep Learning classification based on raw MRI images<\/a>. In H Lema\u00eetre and R Whelan (Eds.)<a href=\"https:\/\/osf.io\/d9r3x\/\">Methods for analyzing large neuroimaging datasets<\/a>. Neuromethods series. NY: Springer Nature<\/li>\n<li>Ibanez A, Kosik K, for the Latin America and the Caribbean Consortium on Dementia (LAC-CD)<strong>.\u00a0<\/strong><a href=\"https:\/\/www.thelancet.com\/journals\/laneur\/article\/PIIS1474-4422(20)30270-2\/fulltext#articleInformation\">COVID-19 in older people with cognitive impairment in Latin America<\/a>. The Lancet Neurology, 202019, 719-721,<a href=\"https:\/\/doi.org\/10.1016\/S1474-4422(20)30270-2\">https:\/\/doi.org\/10.1016\/S1474-4422(20)30270-2<\/a>.<\/li>\n<li>Ibanez A, Abrevaya S, Dottori M, Garcia AM. NEUROCIENCIA Y NEUROECONOM\u00cdA Contribuciones para el estudio de la toma de decisiones. En Basco AI, De Azevedo B, Garc\u00eda, P (Eds). El nuevo factor del comercio. Aportes de la econom\u00eda del comportamiento y la opini\u00f3n p\u00fablica a la integraci\u00f3n de Am\u00e9rica Latina y el Caribe. Banco Internamericano del Desarrollo: Integraci\u00f3n & Comercio.<\/li>\n<li>Iba\u00f1ez Agustin. Los Telescopios del Cerebro. \u00bfApuntan con precisi\u00f3n al universo del Derecho? En <a href=\"https:\/\/www.hammurabi.com.ar\/productos\/pastor-neurociencias-y-derecho-1\/\">Neurociencias y Derecho 1. Editorial Hammurabi<\/a> 2019<\/li>\n<li style=\"font-weight: 400;\"><span style=\"font-weight: 400;\">Yoris A, Salamone P, Alethia de la Fuente L, Sede\u00f1o L, Garc\u00eda AM, Ib\u00e1\u00f1ez A.<\/span><b>\u00a0<\/b><a href=\"https:\/\/books.google.com\/books?id=8fReDwAAQBAJ&pg=PA325&lpg=PA325&dq=yoris+cardiaca+elsevier&source=bl&ots=Y6XJ_L27Es&sig=hEE01c15qpWU4zyyYTHpiiWJLXA&hl=es&sa=X&ved=2ahUKEwi-_sjiv73dAhU8wMQHHVSmBU4Q6AEwAHoECAAQAQ#v=onepage&q=yoris%20cardiaca%20els\"><span style=\"font-weight: 400;\">La interocepci\u00f3n card\u00edaca como mecanismo de regulaci\u00f3n de las conductas y las emociones<\/span><\/a><span style=\"font-weight: 400;\">. En R Gelpi & B Buchholz (Eds). Neurocardiolog\u00eda: Aspectos Fisiopatol\u00f3gicos e Implicancias Cl\u00ednicas, 2018. Elsevier.<br \/>\n<\/span><\/li>\n<li style=\"font-weight: 400;\"><span style=\"font-weight: 400;\">Yoris A, Garcia AM, Salamone P, Sedeno L, Garcia-Cordero I, Ibanez\u00a0A.\u00a0<\/span><a href=\"https:\/\/books.google.com\/books?id=1TRtDwAAQBAJ&printsec=frontcover&hl=es&source=gbs_ge_summary_r&cad=0#v=onepage&q&f=false\"><span style=\"font-weight: 400;\">Cardiac Interoception in Neurological Conditions and its Relevance for Dimensional Approaches<\/span><\/a><span style=\"font-weight: 400;\"><span style=\"font-weight: 400;\">.In Tsakiris M, De Preester H (Eds). The Interoceptive Mind: From Homeostasis to Awareness. London: Oxford University Press. ISBN-10: 0198811934.<\/span><\/span><\/li>\n<li style=\"font-weight: 400;\"><span style=\"font-weight: 400;\">Kumfor F, Baez S, Iba\u00f1ez A.\u00a0<\/span><a href=\"https:\/\/books.google.com.ar\/books\/about\/Research_Progress_in_Alzheimer_s_Disease.html?id=pzm9jwEACAAJ&redir_esc=y\"><span style=\"font-weight: 400;\">Frontotemporal dementia and potential therapeutics<\/span><\/a><span style=\"font-weight: 400;\"> \u00a0Miao-Kun Sun (ED.),\u00a0<\/span><i><span style=\"font-weight: 400;\">Research Progress in Alzheimer\u2019s Disease and Dementia, 2016, Volume 6<\/span><\/i><span style=\"font-weight: 400;\"><span style=\"font-weight: 400;\">, pp. 129 \u2013 168. ISBN: 1634851722, 9781634851725.<\/span><\/span><\/li>\n<li style=\"font-weight: 400;\"><span style=\"font-weight: 400;\">Ib\u00e1\u00f1ez A, Garc\u00eda AM, Manes F. <\/span><a href=\"http:\/\/sigloxxieditores.com.ar\/fichaLibro.php?libro=978-987-629-721-9\"><span style=\"font-weight: 400;\">Los presidentes tambi\u00e9n toman decisions<\/span><\/a><span style=\"font-weight: 400;\"><span style=\"font-weight: 400;\">. D. Golombek, N. B\u00e4r 2017),\u00a0Neurociencias para presidentes.\u00a0Buenos Aires: Siglo Veintiuno.<\/span><\/span><\/li>\n<li style=\"font-weight: 400;\"><span style=\"font-weight: 400;\">Garc\u00eda, AM, Ib\u00e1\u00f1ez, A (2017). <\/span><a href=\"http:\/\/sigloxxieditores.com.ar\/fichaLibro.php?libro=978-987-629-721-9\"><span style=\"font-weight: 400;\">Los presidentes tambi\u00e9n se emocionan<\/span><\/a><span style=\"font-weight: 400;\">. En D. Golombek y N. B\u00e4r (eds.),\u00a0Neurociencias para presidentes\u00a0(pp. 105-123). Buenos Aires: Siglo Veintiuno.<\/span><\/li>\n<li>Ibanez A, Hesse E, Manes F, Garcia AM.\u00a0<a href=\"http:\/\/www.worldscientific.com\/doi\/pdf\/10.1142\/9789813202788_0012\">Freeing free will: A neuroscientific perspective<\/a>.\u00a02017. In Mario Bunge (Ed): Doing Science, Publisher: World Scientific, pp.161-176. DOI: 10.1142\/9789813202788_0012.<\/li>\n<li>Garc\u00eda, A. M., Mikulan, E. & Ib\u00e1\u00f1ez, A. (2016). A neuroscientific toolkit for translation studies. In R. Mu\u00f1oz (ed.),\u00a0Re-embedding Translation Process Research\u00a0(pp. 21-46). Amsterdam: John Benjamins<\/li>\n<li>Lavin C, Melis C, Mikulan E, Gelormini C, Huepe D, Iba\u00f1ez A. (2015).The Anterior Cingulate Cortex: An Integrative Hub for Human Socially-Driven Interactions. In Steve W C Chang, Masaki Isoda (Eds). <a href=\"http:\/\/www.frontiersin.org\/books\/Neural_basis_of_social_learning_social_deciding_and_other-regarding_preferences\/449\">Neural basis of social learning, social deciding, and other-regarding preferences<\/a>. Frontiers Media SA: Switzerland. ISBN: 978-2-88919-429-2<\/li>\n<li>D\u00edaz D, Couto B, B\u00e1ez S, Ib\u00e1\u00f1ez A. (2014). Neurociencia Social. Cap\u00edtulo 15. En D\u00edaz M\u00e9ndez D & Latorre Postigo J (Eds). Psicolog\u00eda m\u00e9dica. Barcelona: Elsevier. ISBN:9788490224816.<\/li>\n<li>Ib\u00e1\u00f1ez A, Petroni A, Urquina H, Torralva T, Blenkmann A, Beltrachini L, Muravchik C, Baez S, Cetckovih M, Torrente F, Hurtado E, Guex R, Sigman M, Lischinsky A, Manes F. (2012). Cortical deficits in emotion processing for faces in adults with ADHD: Its relation to social cognition and executive functioning.<\/li>\n<li>Manes, F & Mendez, M (Eds), <em>Social Neuroscience of Psychiatric Disorders.<\/em> London: Psychology Press.<\/li>\n<li>Iba\u00f1ez, A., Baker, P. & Moya, A. (2012). Event Related Potential Studies of Cognitive and Social Neuroscience. En Bright, P. (Ed. Cambridge), Neuroimaging\/Book 3, Intech. ISBN 979-953-307-238-7<\/li>\n<li>Cornejo, C., Iba\u00f1ez, A. & Lopez, V., (2008). Significado, contexto y experiencia: Evidencias conductuales y electrofisiol\u00f3gicas del holismo del significado. In C. Cornejo and E. Kronm\u00fcller (Ed.), Lapregunta por la mente: Aproximaciones desde latinoam\u00e9rica. Chile: JCSaez Editor<\/li>\n<li>Iba\u00f1ez, A., Ceric, F., Lopez, V., Aldunate, N. (2008). Neurociencias: Reconsiderando los dominios de la psicolog\u00eda. In A Kaulino, & A Schecter, (Eds.,), Materiales para una cartograf\u00eda de la psicolog\u00eda contempor\u00e1nea. Chile: LOM.<\/li>\n<li>Alejandro Lobos Infante, Esteban Hurtado, Ren\u00e9 San Mart\u00edn, Rodrigo Riveros, Natalia Trujillo, Mar\u00eda Josefina Escobar, Michele Dufey, Ana Maria Fern\u00e1ndez, Agust\u00edn Ib\u00e1\u00f1ez. (2009). Neurociencia Social en Sudam\u00e9rica: La cognici\u00f3n sujeta a claves emocionales, sesgos raciales, procesos emp\u00e1ticos, efectos contextuales y toma de decisiones.\u00a0 En Agust\u00edn Ib\u00e1\u00f1ez, Mar\u00eda Josefina Escobar, Rodrigo Riveros y Joaqu\u00edn Barutta (eds), La Neurociencia social en Sudam\u00e9rica: Una aproximaci\u00f3n multinivel a perspectivas biol\u00f3gicas y sociales. Chile: JCSaez Editor.<\/li>\n<\/ul>\n<p>&nbsp;<\/p>\n<\/div>\n<\/div><\/div><\/div><\/div><div id=\"pgc-294-0-2\"  class=\"panel-grid-cell panel-grid-cell-empty\" ><div class=\"panel-cell-style panel-cell-style-for-294-0-2\" ><\/div><\/div><\/div><\/div><\/div>","protected":false},"excerpt":{"rendered":"<p>Sainz-Ballesteros AS, Perez J, Moguilner S, Ibanez A, Prado, P.\u00a0A pipeline for large-scale assessments of dementia EEG connectivity across multicentric&nbsp;[&hellip;]<\/p>\n","protected":false},"author":1,"featured_media":0,"parent":0,"menu_order":0,"comment_status":"closed","ping_status":"closed","template":"page-templates\/template_page-builder.php","meta":[],"_links":{"self":[{"href":"https:\/\/dragustinibanez.com\/en\/index.php\/wp-json\/wp\/v2\/pages\/294"}],"collection":[{"href":"https:\/\/dragustinibanez.com\/en\/index.php\/wp-json\/wp\/v2\/pages"}],"about":[{"href":"https:\/\/dragustinibanez.com\/en\/index.php\/wp-json\/wp\/v2\/types\/page"}],"author":[{"embeddable":true,"href":"https:\/\/dragustinibanez.com\/en\/index.php\/wp-json\/wp\/v2\/users\/1"}],"replies":[{"embeddable":true,"href":"https:\/\/dragustinibanez.com\/en\/index.php\/wp-json\/wp\/v2\/comments?post=294"}],"version-history":[{"count":24,"href":"https:\/\/dragustinibanez.com\/en\/index.php\/wp-json\/wp\/v2\/pages\/294\/revisions"}],"predecessor-version":[{"id":1609,"href":"https:\/\/dragustinibanez.com\/en\/index.php\/wp-json\/wp\/v2\/pages\/294\/revisions\/1609"}],"wp:attachment":[{"href":"https:\/\/dragustinibanez.com\/en\/index.php\/wp-json\/wp\/v2\/media?parent=294"}],"curies":[{"name":"wp","href":"https:\/\/api.w.org\/{rel}","templated":true}]}}