{"id":286,"date":"2019-04-27T00:25:32","date_gmt":"2019-04-27T03:25:32","guid":{"rendered":"http:\/\/dragustinibanez.com\/?page_id=286"},"modified":"2022-10-25T16:07:51","modified_gmt":"2022-10-25T19:07:51","slug":"libros-2","status":"publish","type":"page","link":"https:\/\/dragustinibanez.com\/en\/index.php\/libros-2\/","title":{"rendered":"Books"},"content":{"rendered":"<div id=\"pl-286\"  class=\"panel-layout\" ><div id=\"pg-286-0\"  class=\"panel-grid panel-has-style\" ><div class=\"siteorigin-panels-stretch panel-row-style panel-row-style-for-286-0\" style=\"padding-top: 100px; padding-bottom: 100px; \" data-stretch-type=\"full-stretched\" data-mobile-padding=\"50px\" data-overlay-color=\"#000000\" ><div id=\"pgc-286-0-0\"  class=\"panel-grid-cell panel-grid-cell-empty\" ><\/div><div id=\"pgc-286-0-1\"  class=\"panel-grid-cell panel-grid-cell-mobile-last\" ><div id=\"panel-286-0-1-0\" class=\"so-panel widget widget_sow-editor panel-first-child panel-last-child\" data-index=\"0\" ><div style=\"text-align: left;\" data-title-color=\"#ffffff\" data-headings-color=\"#ffffff\" class=\"panel-widget-style panel-widget-style-for-286-0-1-0\" ><div class=\"so-widget-sow-editor so-widget-sow-editor-base\"><h3 class=\"widget-title\">books<\/h3>\n<div class=\"siteorigin-widget-tinymce textwidget\">\n\t<ul>\n<li>Garc\u00eda, A. M.\u00a0& Ib\u00e1\u00f1ez, A. (2022).\u00a0<a href=\"https:\/\/www.routledge.com\/The-Routledge-Handbook-of-Semiosis-and-the-Brain\/Garcia-Ibanez\/p\/book\/9780367509163\">The Routledge Handbook of Semiosis and the Brain<\/a>. Londres: Routledge. 456 pages. ISBN: 978-0-3675-0916-3.<\/li>\n<li>Butler C, Ibanez A, Parra M, Wang H, Chan K, Akinyemi R, Al-Rousan T, Alladi S, Bobrow K, Ilinca S, Karageorgiou E, Keret O, Okada de Oliveira M, Peeters G (Eds).\u00a0<a href=\"https:\/\/www.frontiersin.org\/research-topics\/12753\/dementia-in-low-and-middle-income-countries\">Dementia in Low and Middle Income Countries<\/a>. Lausana: Frontiers Media.\u00a0doi: 10.3389\/978-2-88976-426-6. ISBN 978-2-88976-426-6<\/li>\n<li>Garc\u00eda, A. M., Ib\u00e1\u00f1ez, A., Miller, B. &\u00a0Gorno-Tempini, M. L.\u00a0(2022).\u00a0<a href=\"https:\/\/www.frontiersin.org\/research-topics\/14546\/the-unusual-suspects-linguistic-deficits-in-non-language-dominant-neurodegenerative-diseases\">The Unusual Suspects: Linguistic Deficits in Non-language-dominant Neurodegenerative Diseases<\/a> Lausana: Frontiers Media. 125 pages. ISBN: 978-2-88974-658-3.<\/li>\n<li><span style=\"font-weight: 400;\">Ib\u00e1\u00f1ez, A., & Garc\u00eda, A. M. (2018). <\/span><a href=\"https:\/\/www.springer.com\/us\/book\/9783319772844#aboutBook\"><span style=\"font-weight: 400;\">Contextual Cognition: The Sensus Communis of a Situated Mind.<\/span><\/a><span style=\"font-weight: 400;\"> Springer International Publishing. ISBN 78-3-319-77285-1. DOI: 10.1007\/978-3-319-77285-1<\/span><\/li>\n<li><span style=\"font-weight: 400;\">Iba\u00f1ez A, Sede\u00f1o L, Garcia, AM. Neuroscience and the Social Science: The Missing Link. Switzerland: Springer, 2017. ISBN 978-3-319-68420-8<\/span><\/li>\n<li><span style=\"font-weight: 400;\">Ib\u00e1\u00f1ez, A., Sede\u00f1o, L., Garc\u00eda, A. M., Deacon, R. M. J., & Cogram, P. (2018). <\/span><a href=\"https:\/\/books.google.cl\/books\/about\/Human_and_Animal_Models_for_Translationa.html?id=wRthDwAAQBAJ&redir_esc=y\"><span style=\"font-weight: 400;\">Human and Animal Models for Translational Research on Neurodegeneration: Challenges and Opportunities From South America<\/span><\/a><span style=\"font-weight: 400;\">. Switzerland: Frontiers Media SA, 2018. ISBN2889454940.<\/span><\/li>\n<li>Ar\u00e9valo, A., Baldo, J., Gonz\u00e1lez-Perilli, F., Ib\u00e1\u00f1ez, A. (2016). What Can We Make of Theories of Embodiment and the Role of the Human Mirror Neuron System? Lausanne: Frontiers Media. doi: 10.3389\/978-2-88919-761-3. ISSN 1664-8714 (118 pp.).<\/li>\n<li>Ibanez A, Garcia A (2015). Que son las Neurociencias. Paidos<\/li>\n<li>Ruz M, Ibanez A, Kotz S, Barrett L, Moll J. (2014) Interactions between emotions and social context Basic, clinical and non-human evidence. Switzerland: Frontiers Media SA. ISBN:\u00a0978-2-88919-319-6<\/li>\n<li>Iba\u00f1ez, A., Escobar, J., Riveros, R.\u00a0&Barutta, J. (2009).\u00a0<a href=\"http:\/\/www.neuroeconomia.cl\/blog\/2009\/10\/la-neurociencia-social-en-sudamerica-presentacion-libro\/\">La Neurociencia Social en Sudamerica: Una a<\/a><a href=\"http:\/\/www.neuroeconomia.cl\/blog\/2009\/10\/la-neurociencia-social-en-sudamerica-presentacion-libro\/\">proximaci\u00f3n multinivel a perspectivas biol\u00f3gicas y sociales<\/a><a href=\"http:\/\/www.neuroeconomia.cl\/blog\/2009\/10\/la-neurociencia-social-en-sudamerica-presentacion-libro\/\">.<\/a>Chile, (J. C. S\u00e1ez, Editor).<\/li>\n<li>Ib\u00e1\u00f1ez Agustin, Cosmelli, Diego (2008, Ed.). Social Minds in Action (120 pp). Springer New York, New York, USA.<\/li>\n<li>Iba\u00f1ez, A (2008). Dynamics of Cognition. JCSaez: Chile<\/li>\n<li>Ib\u00e1\u00f1ez, A, Cosmelli, D. (2007). Nuevos Enfoques de la Cognici\u00f3n: Redescubriendo la din\u00e1mica de la acci\u00f3n, la intenci\u00f3n y la intersubjetividad. Universidad Diego Portales\/Colecci\u00f3n Psicolog\u00eda. Chile. 248 ps.<\/li>\n<\/ul>\n<\/div>\n<\/div><\/div><\/div><\/div><div id=\"pgc-286-0-2\"  class=\"panel-grid-cell panel-grid-cell-empty\" ><div class=\"panel-cell-style panel-cell-style-for-286-0-2\" ><\/div><\/div><\/div><\/div><\/div>","protected":false},"excerpt":{"rendered":"<p>Garc\u00eda, A. M.\u00a0&#038; Ib\u00e1\u00f1ez, A. (2022).\u00a0The Routledge Handbook of Semiosis and the Brain. Londres: Routledge. 456 pages. ISBN: 978-0-3675-0916-3. Butler&nbsp;[&hellip;]<\/p>\n","protected":false},"author":1,"featured_media":0,"parent":0,"menu_order":0,"comment_status":"closed","ping_status":"closed","template":"page-templates\/template_page-builder.php","meta":[],"_links":{"self":[{"href":"https:\/\/dragustinibanez.com\/en\/index.php\/wp-json\/wp\/v2\/pages\/286"}],"collection":[{"href":"https:\/\/dragustinibanez.com\/en\/index.php\/wp-json\/wp\/v2\/pages"}],"about":[{"href":"https:\/\/dragustinibanez.com\/en\/index.php\/wp-json\/wp\/v2\/types\/page"}],"author":[{"embeddable":true,"href":"https:\/\/dragustinibanez.com\/en\/index.php\/wp-json\/wp\/v2\/users\/1"}],"replies":[{"embeddable":true,"href":"https:\/\/dragustinibanez.com\/en\/index.php\/wp-json\/wp\/v2\/comments?post=286"}],"version-history":[{"count":22,"href":"https:\/\/dragustinibanez.com\/en\/index.php\/wp-json\/wp\/v2\/pages\/286\/revisions"}],"predecessor-version":[{"id":1589,"href":"https:\/\/dragustinibanez.com\/en\/index.php\/wp-json\/wp\/v2\/pages\/286\/revisions\/1589"}],"wp:attachment":[{"href":"https:\/\/dragustinibanez.com\/en\/index.php\/wp-json\/wp\/v2\/media?parent=286"}],"curies":[{"name":"wp","href":"https:\/\/api.w.org\/{rel}","templated":true}]}}